{"id":335,"date":"2020-07-31T03:05:56","date_gmt":"2020-07-31T03:05:56","guid":{"rendered":"http:\/\/smacademyec.com\/?page_id=335"},"modified":"2024-04-12T20:02:39","modified_gmt":"2024-04-12T20:02:39","slug":"detalles","status":"publish","type":"page","link":"https:\/\/smacademyec.com\/index.php\/detalles\/","title":{"rendered":"Por qu\u00e9 escoger SM"},"content":{"rendered":"\t\t<div data-elementor-type=\"wp-post\" data-elementor-id=\"335\" class=\"elementor elementor-335\" data-elementor-settings=\"[]\">\n\t\t\t<div class=\"elementor-inner\">\n\t\t\t\t<div class=\"elementor-section-wrap\">\n\t\t\t\t\t\t\t<section class=\"elementor-element elementor-element-8a0de87 elementor-section-boxed elementor-section-height-default elementor-section-height-default elementor-section elementor-top-section\" data-id=\"8a0de87\" data-element_type=\"section\" data-settings=\"{&quot;background_background&quot;:&quot;classic&quot;}\">\n\t\t\t\t\t\t\t<div class=\"elementor-background-overlay\"><\/div>\n\t\t\t\t\t\t\t<div class=\"elementor-container elementor-column-gap-wide\">\n\t\t\t\t<div class=\"elementor-row\">\n\t\t\t\t<div class=\"elementor-element elementor-element-2b507b5 elementor-column elementor-col-100 elementor-top-column\" data-id=\"2b507b5\" data-element_type=\"column\">\n\t\t\t<div class=\"elementor-column-wrap  elementor-element-populated\">\n\t\t\t\t\t<div class=\"elementor-widget-wrap\">\n\t\t\t\t<div class=\"elementor-element elementor-element-0bdf123 elementor-widget elementor-widget-heading\" data-id=\"0bdf123\" data-element_type=\"widget\" data-widget_type=\"heading.default\">\n\t\t\t\t<div class=\"elementor-widget-container\">\n\t\t\t<h4 class=\"elementor-heading-title elementor-size-default\">Por que escoger Sm academy<\/h4>\t\t<\/div>\n\t\t\t\t<\/div>\n\t\t\t\t<div class=\"elementor-element elementor-element-4e0afc4 elementor-widget elementor-widget-divider\" data-id=\"4e0afc4\" data-element_type=\"widget\" data-widget_type=\"divider.default\">\n\t\t\t\t<div class=\"elementor-widget-container\">\n\t\t\t\t\t<div class=\"elementor-divider\">\n\t\t\t<span class=\"elementor-divider-separator\">\n\t\t\t\t\t\t<\/span>\n\t\t<\/div>\n\t\t\t\t<\/div>\n\t\t\t\t<\/div>\n\t\t\t\t<div class=\"elementor-element elementor-element-749c1fd elementor-widget elementor-widget-heading\" data-id=\"749c1fd\" data-element_type=\"widget\" data-widget_type=\"heading.default\">\n\t\t\t\t<div class=\"elementor-widget-container\">\n\t\t\t<h1 class=\"elementor-heading-title elementor-size-default\">SM Academy <\/h1>\t\t<\/div>\n\t\t\t\t<\/div>\n\t\t\t\t\t\t<\/div>\n\t\t\t<\/div>\n\t\t<\/div>\n\t\t\t\t\t\t<\/div>\n\t\t\t<\/div>\n\t\t<\/section>\n\t\t\t\t<section class=\"elementor-element elementor-element-e0efb15 elementor-section-content-middle elementor-section-boxed elementor-section-height-default elementor-section-height-default elementor-section elementor-top-section\" data-id=\"e0efb15\" data-element_type=\"section\" data-settings=\"{&quot;background_background&quot;:&quot;classic&quot;}\">\n\t\t\t\t\t\t\t<div class=\"elementor-background-overlay\"><\/div>\n\t\t\t\t\t\t\t<div class=\"elementor-container elementor-column-gap-wide\">\n\t\t\t\t<div class=\"elementor-row\">\n\t\t\t\t<div class=\"elementor-element elementor-element-ba125b4 elementor-column elementor-col-100 elementor-top-column\" data-id=\"ba125b4\" data-element_type=\"column\">\n\t\t\t<div class=\"elementor-column-wrap  elementor-element-populated\">\n\t\t\t\t\t<div class=\"elementor-widget-wrap\">\n\t\t\t\t<section class=\"elementor-element elementor-element-073b1e1 elementor-section-content-middle elementor-section-boxed elementor-section-height-default elementor-section-height-default elementor-section elementor-inner-section\" data-id=\"073b1e1\" data-element_type=\"section\">\n\t\t\t\t\t\t<div class=\"elementor-container elementor-column-gap-no\">\n\t\t\t\t<div class=\"elementor-row\">\n\t\t\t\t<div class=\"elementor-element elementor-element-e39c955 elementor-column elementor-col-50 elementor-inner-column\" data-id=\"e39c955\" data-element_type=\"column\">\n\t\t\t<div class=\"elementor-column-wrap  elementor-element-populated\">\n\t\t\t\t\t<div class=\"elementor-widget-wrap\">\n\t\t\t\t<div class=\"elementor-element elementor-element-502fa4f elementor-widget elementor-widget-text-editor\" data-id=\"502fa4f\" data-element_type=\"widget\" data-widget_type=\"text-editor.default\">\n\t\t\t\t<div class=\"elementor-widget-container\">\n\t\t\t\t\t<div class=\"elementor-text-editor elementor-clearfix\"><p><b>SM Academy Escuela Gastron\u00f3mica de Espacialidades y Emprendimiento<\/b><\/p><\/div>\n\t\t\t\t<\/div>\n\t\t\t\t<\/div>\n\t\t\t\t<div class=\"elementor-element elementor-element-809c6fd elementor-widget elementor-widget-text-editor\" data-id=\"809c6fd\" data-element_type=\"widget\" data-widget_type=\"text-editor.default\">\n\t\t\t\t<div class=\"elementor-widget-container\">\n\t\t\t\t\t<div class=\"elementor-text-editor elementor-clearfix\"><p>Somos la primera escuela de especialidades y emprendimiento, que realmente se preocupa por sus alumnos y busca las mejores alianzas para obtener los mejores beneficios.&nbsp;<\/p>\n<p>Nuestras clases son totalmente pr\u00e1ctica y participativas, contamos con instructores calificados, con experiencia y especializados en su materia.<\/p>\n<p>Contamos con avales, convenios, acuerdos y certificaciones que garantizan la validez de tus t\u00edtulos a nivel nacional e internacional.<\/p><\/div>\n\t\t\t\t<\/div>\n\t\t\t\t<\/div>\n\t\t\t\t<div class=\"elementor-element elementor-element-51ece78 elementor-widget elementor-widget-text-editor\" data-id=\"51ece78\" data-element_type=\"widget\" data-widget_type=\"text-editor.default\">\n\t\t\t\t<div class=\"elementor-widget-container\">\n\t\t\t\t\t<div class=\"elementor-text-editor elementor-clearfix\"><p><b>Artesano Ecuatoriano<\/b><\/p><\/div>\n\t\t\t\t<\/div>\n\t\t\t\t<\/div>\n\t\t\t\t<div class=\"elementor-element elementor-element-4aa8fbc elementor-widget elementor-widget-text-editor\" data-id=\"4aa8fbc\" data-element_type=\"widget\" data-widget_type=\"text-editor.default\">\n\t\t\t\t<div class=\"elementor-widget-container\">\n\t\t\t\t\t<div class=\"elementor-text-editor elementor-clearfix\"><p>Estudia con nosotros, graduate y obt\u00e9n todos los beneficios de gremio Artesanal de Ecuador, lleva al siguiente nivel tu emprendimiento.<\/p><p><strong>Beneficios laborales del artesano<\/strong><\/p><p>Exoneraci\u00f3n del pago de los d\u00e9cimos<\/p><p>Exoneraci\u00f3n del pago de utilidades\u00a0<\/p><p>Exoneraci\u00f3n del pago de bonificaci\u00f3n complementaria a los operarios y aprendices<\/p><p>Protecci\u00f3n del trabajo del artesano frente a los contratistas<\/p><p><strong>Beneficios sociales del artesano<\/strong><\/p><p>Afiliaci\u00f3n al seguro social (IESS) obligatorio para maestros del taller, aprendiz y operario\u00a0<\/p><p>Acceso a todas las prestaciones del seguro social\u00a0<\/p><p>Extensi\u00f3n del seguro social al grupo familiar\u00a0<\/p><p>No pago de fondo de reserva<\/p><p><strong>Beneficios tributarios del artesano<\/strong><\/p><p>Facturaci\u00f3n con tarifa 0% IVA<\/p><p>Declaraci\u00f3n de manera semestral del IVA<\/p><p>Exoneraci\u00f3n del pago del impuesto a la exportaci\u00f3n de artesan\u00edas<\/p><p>Exoneraci\u00f3n del pago del impuesto a la renta<\/p><p>Exoneraci\u00f3n del pago de los impuestos de la patente municipal de activos totales\u00a0<\/p><p>Exoneraci\u00f3n del impuesto a la transferencia de dominio de bienes inmuebles destinados a centros y talleres de capacitaci\u00f3n artesanal\u00a0<\/p><p>No est\u00e1n obligados a llevar contabilidad por lo tanto no requieren de un contador\u00a0<\/p><p>Son sujetos a devoluci\u00f3n de retenciones en la fuente en ciertos casos espec\u00edficosCr\u00e9ditos para desarrollo Artesanal por $3000 sin garante. Y hasta $60000 para tu taller artesanal (aplican condiciones).<\/p><p>Para obtener los beneficios anteriormente detallados debes ser un artesano calificado<\/p><\/div>\n\t\t\t\t<\/div>\n\t\t\t\t<\/div>\n\t\t\t\t\t\t<\/div>\n\t\t\t<\/div>\n\t\t<\/div>\n\t\t\t\t<div class=\"elementor-element elementor-element-52a0575 elementor-column elementor-col-50 elementor-inner-column\" data-id=\"52a0575\" data-element_type=\"column\" data-settings=\"{&quot;background_background&quot;:&quot;classic&quot;}\">\n\t\t\t<div class=\"elementor-column-wrap  elementor-element-populated\">\n\t\t\t\t\t<div class=\"elementor-widget-wrap\">\n\t\t\t\t<div class=\"elementor-element elementor-element-d2c3d2d elementor-widget elementor-widget-image\" data-id=\"d2c3d2d\" data-element_type=\"widget\" data-widget_type=\"image.default\">\n\t\t\t\t<div class=\"elementor-widget-container\">\n\t\t\t\t\t<div class=\"elementor-image\">\n\t\t\t\t\t\t\t\t\t\t<img loading=\"lazy\" decoding=\"async\" width=\"300\" height=\"256\" src=\"https:\/\/smacademyec.com\/wp-content\/uploads\/2020\/07\/nuevo-logo-special-academy-1-300x256.png\" class=\"attachment-medium size-medium\" alt=\"\" srcset=\"https:\/\/smacademyec.com\/wp-content\/uploads\/2020\/07\/nuevo-logo-special-academy-1-300x256.png 300w, https:\/\/smacademyec.com\/wp-content\/uploads\/2020\/07\/nuevo-logo-special-academy-1.png 577w\" sizes=\"auto, (max-width: 300px) 100vw, 300px\" \/>\t\t\t\t\t\t\t\t\t\t\t<\/div>\n\t\t\t\t<\/div>\n\t\t\t\t<\/div>\n\t\t\t\t\t\t<\/div>\n\t\t\t<\/div>\n\t\t<\/div>\n\t\t\t\t\t\t<\/div>\n\t\t\t<\/div>\n\t\t<\/section>\n\t\t\t\t\t\t<\/div>\n\t\t\t<\/div>\n\t\t<\/div>\n\t\t\t\t\t\t<\/div>\n\t\t\t<\/div>\n\t\t<\/section>\n\t\t\t\t<section class=\"elementor-element elementor-element-804387e elementor-section-full_width elementor-section-content-middle elementor-section-height-default elementor-section-height-default elementor-section elementor-top-section\" data-id=\"804387e\" data-element_type=\"section\" data-settings=\"{&quot;background_background&quot;:&quot;classic&quot;}\">\n\t\t\t\t\t\t<div class=\"elementor-container elementor-column-gap-no\">\n\t\t\t\t<div class=\"elementor-row\">\n\t\t\t\t<div class=\"elementor-element elementor-element-99aeabf elementor-column elementor-col-100 elementor-top-column\" data-id=\"99aeabf\" data-element_type=\"column\">\n\t\t\t<div class=\"elementor-column-wrap  elementor-element-populated\">\n\t\t\t\t\t<div class=\"elementor-widget-wrap\">\n\t\t\t\t<div class=\"elementor-element elementor-element-595cfb7 elementor-widget elementor-widget-heading\" data-id=\"595cfb7\" data-element_type=\"widget\" data-widget_type=\"heading.default\">\n\t\t\t\t<div class=\"elementor-widget-container\">\n\t\t\t<h2 class=\"elementor-heading-title elementor-size-default\">Sm academy escuela gastron\u00f3mica de especialidades y emprendimiento<\/h2>\t\t<\/div>\n\t\t\t\t<\/div>\n\t\t\t\t\t\t<\/div>\n\t\t\t<\/div>\n\t\t<\/div>\n\t\t\t\t\t\t<\/div>\n\t\t\t<\/div>\n\t\t<\/section>\n\t\t\t\t\t\t<\/div>\n\t\t\t<\/div>\n\t\t<\/div>\n\t\t","protected":false},"excerpt":{"rendered":"<p>Because Only Together We Can Build a World Where All Youth Are Safe, Strong &#038; Valued Read More Who We Are Partnering to build a world where all children are lorem ipsum dolor sit amet, consectetur. Lorem ipsum dolor sit amet, consectetur adipisicing elit, sed do eiusmod tempor incididunt ut labore et dolore magna aliqua. &hellip;<\/p>\n<p class=\"read-more\"> <a class=\"\" href=\"https:\/\/websitedemos.net\/charity-02\/\"> <span class=\"screen-reader-text\">Home<\/span> Read More &raquo;<\/a><\/p>\n","protected":false},"author":1,"featured_media":0,"parent":0,"menu_order":0,"comment_status":"closed","ping_status":"closed","template":"elementor_header_footer","meta":{"footnotes":""},"class_list":["post-335","page","type-page","status-publish","hentry"],"_links":{"self":[{"href":"https:\/\/smacademyec.com\/index.php\/wp-json\/wp\/v2\/pages\/335","targetHints":{"allow":["GET"]}}],"collection":[{"href":"https:\/\/smacademyec.com\/index.php\/wp-json\/wp\/v2\/pages"}],"about":[{"href":"https:\/\/smacademyec.com\/index.php\/wp-json\/wp\/v2\/types\/page"}],"author":[{"embeddable":true,"href":"https:\/\/smacademyec.com\/index.php\/wp-json\/wp\/v2\/users\/1"}],"replies":[{"embeddable":true,"href":"https:\/\/smacademyec.com\/index.php\/wp-json\/wp\/v2\/comments?post=335"}],"version-history":[{"count":19,"href":"https:\/\/smacademyec.com\/index.php\/wp-json\/wp\/v2\/pages\/335\/revisions"}],"predecessor-version":[{"id":512,"href":"https:\/\/smacademyec.com\/index.php\/wp-json\/wp\/v2\/pages\/335\/revisions\/512"}],"wp:attachment":[{"href":"https:\/\/smacademyec.com\/index.php\/wp-json\/wp\/v2\/media?parent=335"}],"curies":[{"name":"wp","href":"https:\/\/api.w.org\/{rel}","templated":true}]}}